{"id":33,"date":"2016-08-27T22:50:27","date_gmt":"2016-08-27T19:50:27","guid":{"rendered":"http:\/\/www.morenowellness.com\/?page_id=33"},"modified":"2016-09-07T17:44:44","modified_gmt":"2016-09-07T14:44:44","slug":"kimim","status":"publish","type":"page","link":"https:\/\/www.morenowellness.com\/index.php\/kimim\/","title":{"rendered":"Kimim?"},"content":{"rendered":"<p><strong>Lizet Moreno<\/strong><\/p>\n<p>1969 \u0130stanbul do\u011fumlu olan Lizet Moreno Saint Benoit Frans\u0131z Lisesi ve Bo\u011fazi\u00e7i \u00dcniversitesi E\u011fitim Fak\u00fcltesi \u0130ngilizce \u00d6\u011fretmenli\u011fi b\u00f6l\u00fcm\u00fcnden mezun olmu\u015ftur.\u00a021 y\u0131l IT sekt\u00f6r\u00fcnde \u00e7al\u0131\u015fm\u0131\u015f, HP T\u00fcrkiye Yaz\u0131l\u0131m Servis Sat\u0131\u015f Y\u00f6neticili\u011fi olmak \u00fczere \u00e7e\u015fitli pozisyonlarda g\u00f6rev alm\u0131\u015ft\u0131r.<br \/>\n1995 y\u0131l\u0131nda tan\u0131\u015ft\u0131\u011f\u0131 Yoga prati\u011fini , tan\u0131tmak ve yaymak, bu hizmeti ger\u00e7ekle\u015ftirmek \u00fczere Hatha Yoga E\u011fitmenli\u011fi ve Hamile Yoga E\u011fitmenli\u011fi uzmanl\u0131k alanlar\u0131nda e\u011fitimler almaya ba\u015flam\u0131\u015ft\u0131r.<br \/>\n2004 Kural d\u0131\u015f\u0131 E\u011fitim Dan\u0131\u015fmanl\u0131k Nil G\u00fcn rehberli\u011finde Kinesiyoloji, \u0130li\u015fkiler, Kendin Olmak, NLP e\u011fitimlerini alm\u0131\u015ft\u0131r.<!--more--><br \/>\n2005-2009 y\u0131llar\u0131 aras\u0131nda rehberi G\u00fcne\u015f Yahyao\u011flu ile Raja Yoga felsefesi, \u00e7evirmenlik ve meditasyon \u00e7al\u0131\u015fmalar\u0131 yapm\u0131\u015f ; Swami Vivekananda \u2018n\u0131n kitaplar\u0131 sayesinde yoga felsefesini i\u00e7selle\u015ftirme yoluna girmi\u015ftir.<br \/>\nEkim 2009 \u2013 A\u011fustos 2010 y\u0131llar\u0131nda Yogi Adnan Ananda Siddviho \u00c7abuk ve Madam Lourdes D. \u00c7abuk rehberli\u011finde Hatha Yoga E\u011fitmeni sertifikasyon program\u0131n\u0131 tamamlam\u0131\u015ft\u0131r.<br \/>\nEkim 2010 Hindistan Sivananda Yoga Ashram ve Nepal inziva tecr\u00fcbesi olmu\u015ftur.<br \/>\n2011-2012 y\u0131llar\u0131nda \u00e7e\u015fitli yoga merkezlerinde staj, asistanl\u0131k e\u011fitmenlik ve yoga \u00e7evirmenli\u011fi yapm\u0131\u015ft\u0131r.<br \/>\nHaziran 2012 Uluslararas\u0131 Birthlight International kurulu\u015fundan Hamilelik Yogas\u0131 E\u011fitmenli\u011fi sertifikasyon program\u0131n\u0131 tamamlam\u0131\u015ft\u0131r.<br \/>\n2013-2014 b.a.s.i.c body and soul integrity center\u2019 da yoga e\u011fitmenli\u011fi yapm\u0131\u015ft\u0131r<br \/>\n2014-2015 Hara Yoga Kendra Hamsa Saraswati ve Gayatri Ji rehberli\u011finde Sivananda Yoga E\u011fitmenli\u011fi sertifikasyon program\u0131n\u0131 e\u011fitmen asistan\u0131 olarak tamamlam\u0131\u015ft\u0131r. Artvin ve Bayrami\u00e7 Yenik\u00f6y Ekolojik k\u00f6y\u00fcnde inziva deneyimleri olmu\u015ftur.<br \/>\nYoga terapi, meditasyon, hamile yogas\u0131 konular\u0131nda kendisini \u00e7e\u015fitli e\u011fitmenler ve kurslar ile geli\u015ftirmeyi s\u00fcrd\u00fcrmektedir. Do\u011fal ya\u015fam, permak\u00fclt\u00fcr , bisiklet, amat\u00f6r tiyatro , dans hobileri aras\u0131ndad\u0131r.<\/p>\n<p>SEVG\u0130LER<\/p>\n","protected":false},"excerpt":{"rendered":"<p>Lizet Moreno 1969 \u0130stanbul do\u011fumlu olan Lizet Moreno Saint Benoit Frans\u0131z Lisesi ve Bo\u011fazi\u00e7i \u00dcniversitesi E\u011fitim Fak\u00fcltesi \u0130ngilizce \u00d6\u011fretmenli\u011fi b\u00f6l\u00fcm\u00fcnden mezun olmu\u015ftur.\u00a021 y\u0131l IT sekt\u00f6r\u00fcnde \u00e7al\u0131\u015fm\u0131\u015f, HP T\u00fcrkiye Yaz\u0131l\u0131m Servis Sat\u0131\u015f Y\u00f6neticili\u011fi olmak \u00fczere \u00e7e\u015fitli pozisyonlarda g\u00f6rev alm\u0131\u015ft\u0131r. 1995 y\u0131l\u0131nda tan\u0131\u015ft\u0131\u011f\u0131 Yoga prati\u011fini , tan\u0131tmak ve yaymak, bu hizmeti ger\u00e7ekle\u015ftirmek \u00fczere Hatha Yoga E\u011fitmenli\u011fi ve<\/p>\n<div class=\"view-full-post\"><a href=\"https:\/\/www.morenowellness.com\/index.php\/kimim\/\" class=\"view-full-post-btn\">Devam\u0131n\u0131 G\u00f6r<\/a><\/div>\n","protected":false},"author":1,"featured_media":97,"parent":0,"menu_order":0,"comment_status":"closed","ping_status":"closed","template":"","meta":[],"_links":{"self":[{"href":"https:\/\/www.morenowellness.com\/index.php\/wp-json\/wp\/v2\/pages\/33"}],"collection":[{"href":"https:\/\/www.morenowellness.com\/index.php\/wp-json\/wp\/v2\/pages"}],"about":[{"href":"https:\/\/www.morenowellness.com\/index.php\/wp-json\/wp\/v2\/types\/page"}],"author":[{"embeddable":true,"href":"https:\/\/www.morenowellness.com\/index.php\/wp-json\/wp\/v2\/users\/1"}],"replies":[{"embeddable":true,"href":"https:\/\/www.morenowellness.com\/index.php\/wp-json\/wp\/v2\/comments?post=33"}],"version-history":[{"count":0,"href":"https:\/\/www.morenowellness.com\/index.php\/wp-json\/wp\/v2\/pages\/33\/revisions"}],"wp:featuredmedia":[{"embeddable":true,"href":"https:\/\/www.morenowellness.com\/index.php\/wp-json\/wp\/v2\/media\/97"}],"wp:attachment":[{"href":"https:\/\/www.morenowellness.com\/index.php\/wp-json\/wp\/v2\/media?parent=33"}],"curies":[{"name":"wp","href":"https:\/\/api.w.org\/{rel}","templated":true}]}}