{"id":193,"date":"2016-09-23T18:41:09","date_gmt":"2016-09-23T15:41:09","guid":{"rendered":"http:\/\/www.morenowellness.com\/?page_id=193"},"modified":"2016-09-23T18:41:09","modified_gmt":"2016-09-23T15:41:09","slug":"yoga-egitim-basvurulari","status":"publish","type":"page","link":"https:\/\/www.morenowellness.com\/index.php\/yoga-egitim-basvurulari\/","title":{"rendered":"Yoga E\u011fitim Ba\u015fvurular\u0131"},"content":{"rendered":"<p>Yeni d\u00f6nem e\u011fitim ba\u015fvurular\u0131 ba\u015flam\u0131\u015ft\u0131r. Ba\u015fvurular i\u00e7in a\u015fa\u011f\u0131daki adresler veya ileti\u015fim bilgilerini kullanman\u0131z rica olunur.<\/p>\n<p>Adres bilgisi:<\/p>\n<p>\u0130leti\u015fim numaras\u0131:<\/p>\n<p>Facebook sayfam\u0131z:<\/p>\n<p>Ba\u015fvuru ba\u015flang\u0131\u00e7 tarihi:<\/p>\n<p>Ba\u015fvuru biti\u015f tarihi:<\/p>\n<p>[TEST \u0130\u00c7ER\u0130K]<\/p>\n","protected":false},"excerpt":{"rendered":"<p>Yeni d\u00f6nem e\u011fitim ba\u015fvurular\u0131 ba\u015flam\u0131\u015ft\u0131r. Ba\u015fvurular i\u00e7in a\u015fa\u011f\u0131daki adresler veya ileti\u015fim bilgilerini kullanman\u0131z rica olunur. Adres bilgisi: \u0130leti\u015fim numaras\u0131: Facebook sayfam\u0131z: Ba\u015fvuru ba\u015flang\u0131\u00e7 tarihi: Ba\u015fvuru biti\u015f tarihi: [TEST \u0130\u00c7ER\u0130K]<\/p>\n","protected":false},"author":1,"featured_media":101,"parent":0,"menu_order":0,"comment_status":"closed","ping_status":"closed","template":"","meta":[],"_links":{"self":[{"href":"https:\/\/www.morenowellness.com\/index.php\/wp-json\/wp\/v2\/pages\/193"}],"collection":[{"href":"https:\/\/www.morenowellness.com\/index.php\/wp-json\/wp\/v2\/pages"}],"about":[{"href":"https:\/\/www.morenowellness.com\/index.php\/wp-json\/wp\/v2\/types\/page"}],"author":[{"embeddable":true,"href":"https:\/\/www.morenowellness.com\/index.php\/wp-json\/wp\/v2\/users\/1"}],"replies":[{"embeddable":true,"href":"https:\/\/www.morenowellness.com\/index.php\/wp-json\/wp\/v2\/comments?post=193"}],"version-history":[{"count":0,"href":"https:\/\/www.morenowellness.com\/index.php\/wp-json\/wp\/v2\/pages\/193\/revisions"}],"wp:featuredmedia":[{"embeddable":true,"href":"https:\/\/www.morenowellness.com\/index.php\/wp-json\/wp\/v2\/media\/101"}],"wp:attachment":[{"href":"https:\/\/www.morenowellness.com\/index.php\/wp-json\/wp\/v2\/media?parent=193"}],"curies":[{"name":"wp","href":"https:\/\/api.w.org\/{rel}","templated":true}]}}